{"id":903,"date":"2016-08-10T08:52:10","date_gmt":"2016-08-10T08:52:10","guid":{"rendered":"https:\/\/www.alzheimerdeconil.es\/?page_id=12"},"modified":"2023-06-28T17:38:32","modified_gmt":"2023-06-28T17:38:32","slug":"colabora","status":"publish","type":"page","link":"https:\/\/www.alzheimerdeconil.es\/index.php\/colabora\/","title":{"rendered":"Colabora"},"content":{"rendered":"<p><div class=\"fusion-fullwidth fullwidth-box fusion-builder-row-1 fusion-flex-container hundred-percent-fullwidth non-hundred-percent-height-scrolling\" style=\"--awb-background-position:left top;--awb-border-sizes-top:0px;--awb-border-sizes-bottom:0px;--awb-border-sizes-left:0px;--awb-border-sizes-right:0px;--awb-border-radius-top-left:0px;--awb-border-radius-top-right:0px;--awb-border-radius-bottom-right:0px;--awb-border-radius-bottom-left:0px;--awb-background-color:#f5f5f5;--awb-flex-wrap:wrap;\" ><div class=\"fusion-builder-row fusion-row fusion-flex-align-items-stretch fusion-flex-content-wrap\" style=\"width:calc( 100% + 0px ) !important;max-width:calc( 100% + 0px ) !important;margin-left: calc(-0px \/ 2 );margin-right: calc(-0px \/ 2 );\"><div class=\"fusion-layout-column fusion_builder_column fusion-builder-column-0 fusion_builder_column_2_3 2_3 fusion-flex-column\" style=\"--awb-padding-top:36px;--awb-padding-right:10%;--awb-padding-left:10%;--awb-bg-color:#f5f5f5;--awb-bg-color-hover:#f5f5f5;--awb-bg-size:cover;--awb-width-large:66.666666666667%;--awb-margin-top-large:0px;--awb-spacing-right-large:0px;--awb-margin-bottom-large:0px;--awb-spacing-left-large:0px;--awb-width-medium:100%;--awb-spacing-right-medium:0px;--awb-spacing-left-medium:0px;--awb-width-small:100%;--awb-spacing-right-small:0px;--awb-spacing-left-small:0px;\"><div class=\"fusion-column-wrapper fusion-flex-justify-content-flex-start fusion-content-layout-column\"><div class=\"fusion-title title fusion-title-1 fusion-sep-none fusion-title-text fusion-title-size-two\"><h2 class=\"fusion-title-heading title-heading-left\" style=\"margin:0;line-height:1;\">Colabora con nostros<\/h2><\/div><div class=\"fusion-separator\" style=\"align-self: flex-start;margin-right:auto;margin-top:0px;margin-bottom:40px;width:100%;max-width:200px;\"><div class=\"fusion-separator-border sep-single sep-solid\" style=\"--awb-height:20px;--awb-amount:20px;--awb-sep-color:#2c4d6c;border-color:#2c4d6c;border-top-width:3px;\"><\/div><\/div><div class=\"fusion-text fusion-text-1\"><p style=\"text-align: left;\">Cada peque\u00f1a colabaraci\u00f3n cuenta para que podemos seguir en esta gran labor social que realizamos. Esos peque\u00f1os detalles son los que mueven el mundo para poder realizar de este un mundo mejor.<\/p>\n<p style=\"text-align: left;\">As\u00ed que aqu\u00ed os dejamos un formular\u00edo para poder relizar el cambio, rellene el formulario con los datos solicitado y nos encantar\u00eda poder contactar con usted.<\/p>\n<p style=\"text-align: left;\">\n<\/div><iframe src=\"https:\/\/www.google.com\/maps\/embed?pb=!1m14!1m8!1m3!1d12864.752251005244!2d-6.0969162!3d36.2834865!3m2!1i1024!2i768!4f13.1!3m3!1m2!1s0x0%3A0xb7aac38fd1e262cd!2sAsociaci%C3%B3n%20de%20Familiares%20de%20Enfermos%20de%20Alzheimer%20de%20Conil%20(AFA%20CONIL)!5e0!3m2!1ses!2ses!4v1660743553804!5m2!1ses!2ses\" width=\"100%\" height=\"450\" style=\"border:0;\" allowfullscreen=\"\" loading=\"lazy\" referrerpolicy=\"no-referrer-when-downgrade\"><\/iframe><\/div><\/div><div class=\"fusion-layout-column fusion_builder_column fusion-builder-column-1 fusion_builder_column_1_3 1_3 fusion-flex-column\" style=\"--awb-padding-top:31px;--awb-padding-right:0px;--awb-padding-bottom:100px;--awb-padding-left:0px;--awb-padding-bottom-small:39px;--awb-bg-color:#f5f5f5;--awb-bg-color-hover:#f5f5f5;--awb-bg-position:center center;--awb-bg-size:cover;--awb-width-large:33.333333333333%;--awb-margin-top-large:0px;--awb-spacing-right-large:0px;--awb-margin-bottom-large:0px;--awb-spacing-left-large:0px;--awb-width-medium:100%;--awb-spacing-right-medium:0px;--awb-spacing-left-medium:0px;--awb-width-small:100%;--awb-spacing-right-small:0px;--awb-spacing-left-small:0px;\"><div class=\"fusion-column-wrapper fusion-flex-justify-content-center fusion-content-layout-column\"><div class=\"fusion-title title fusion-title-2 fusion-sep-none fusion-title-text fusion-title-size-two\"><h2 class=\"fusion-title-heading title-heading-left\" style=\"margin:0;\">Hazlo ahora!<\/h2><\/div><div class=\"fusion-separator\" style=\"align-self: flex-start;margin-right:auto;margin-top:0px;margin-bottom:40px;width:100%;max-width:200px;\"><div class=\"fusion-separator-border sep-single sep-solid\" style=\"--awb-height:20px;--awb-amount:20px;--awb-sep-color:#2c4d6c;border-color:#2c4d6c;border-top-width:3px;\"><\/div><\/div>\n<div class=\"wpcf7 no-js\" id=\"wpcf7-f1007-o1\" lang=\"es-ES\" dir=\"ltr\" data-wpcf7-id=\"1007\">\n<div class=\"screen-reader-response\"><p role=\"status\" aria-live=\"polite\" aria-atomic=\"true\"><\/p> <ul><\/ul><\/div>\n<form action=\"\/index.php\/wp-json\/wp\/v2\/pages\/903#wpcf7-f1007-o1\" method=\"post\" class=\"wpcf7-form init\" aria-label=\"Formulario de contacto\" novalidate=\"novalidate\" data-status=\"init\">\n<fieldset class=\"hidden-fields-container\"><input type=\"hidden\" name=\"_wpcf7\" value=\"1007\" \/><input type=\"hidden\" name=\"_wpcf7_version\" value=\"6.1.1\" \/><input type=\"hidden\" name=\"_wpcf7_locale\" value=\"es_ES\" \/><input type=\"hidden\" name=\"_wpcf7_unit_tag\" value=\"wpcf7-f1007-o1\" \/><input type=\"hidden\" name=\"_wpcf7_container_post\" value=\"0\" \/><input type=\"hidden\" name=\"_wpcf7_posted_data_hash\" value=\"\" \/>\n<\/fieldset>\n<p><label> Nombre<br \/>\n<span class=\"wpcf7-form-control-wrap\" data-name=\"your-name\"><input size=\"40\" maxlength=\"400\" class=\"wpcf7-form-control wpcf7-text wpcf7-validates-as-required\" aria-required=\"true\" aria-invalid=\"false\" value=\"\" type=\"text\" name=\"your-name\" \/><\/span> <\/label>\n<\/p>\n<p><label> Correo electr\u00f3nico<br \/>\n<span class=\"wpcf7-form-control-wrap\" data-name=\"your-email\"><input size=\"40\" maxlength=\"400\" class=\"wpcf7-form-control wpcf7-email wpcf7-validates-as-required wpcf7-text wpcf7-validates-as-email\" aria-required=\"true\" aria-invalid=\"false\" value=\"\" type=\"email\" name=\"your-email\" \/><\/span> <\/label>\n<\/p>\n<p><label> Tel\u00e9fono<br \/>\n<span class=\"wpcf7-form-control-wrap\" data-name=\"your-subject\"><input size=\"40\" maxlength=\"400\" class=\"wpcf7-form-control wpcf7-text wpcf7-validates-as-required\" aria-required=\"true\" aria-invalid=\"false\" value=\"\" type=\"text\" name=\"your-subject\" \/><\/span> <\/label>\n<\/p>\n<p><label> Asunto<br \/>\n<span class=\"wpcf7-form-control-wrap\" data-name=\"Asunto\"><span class=\"wpcf7-form-control wpcf7-radio\"><span class=\"wpcf7-list-item first\"><label><input type=\"radio\" name=\"Asunto\" value=\"Hazte Socio\" checked=\"checked\" \/><span class=\"wpcf7-list-item-label\">Hazte Socio<\/span><\/label><\/span><span class=\"wpcf7-list-item\"><label><input type=\"radio\" name=\"Asunto\" value=\"Hazte Voluntario\" \/><span class=\"wpcf7-list-item-label\">Hazte Voluntario<\/span><\/label><\/span><span class=\"wpcf7-list-item last\"><label><input type=\"radio\" name=\"Asunto\" value=\"Haz un Donativo\" \/><span class=\"wpcf7-list-item-label\">Haz un Donativo<\/span><\/label><\/span><\/span><\/span><\/label>\n<\/p>\n<p><label> Mensaje<br \/>\n<span class=\"wpcf7-form-control-wrap\" data-name=\"your-message\"><textarea cols=\"40\" rows=\"10\" maxlength=\"2000\" class=\"wpcf7-form-control wpcf7-textarea\" aria-invalid=\"false\" name=\"your-message\"><\/textarea><\/span> <\/label>\n<\/p>\n<p><span class=\"wpcf7-form-control-wrap\" data-name=\"checkbox-333\"><span class=\"wpcf7-form-control wpcf7-checkbox wpcf7-validates-as-required\"><span class=\"wpcf7-list-item first last\"><label><input type=\"checkbox\" name=\"checkbox-333[]\" value=\"He le\u00eddo y acepto la Pol\u00edtica de privacidad\" \/><span class=\"wpcf7-list-item-label\">He le\u00eddo y acepto la Pol\u00edtica de privacidad<\/span><\/label><\/span><\/span><\/span>\n<\/p>\n<p><input class=\"wpcf7-form-control wpcf7-submit has-spinner\" type=\"submit\" value=\"Enviar\" \/>\n<\/p><div class=\"fusion-alert alert custom alert-custom fusion-alert-center wpcf7-response-output fusion-alert-capitalize awb-alert-native-link-color alert-dismissable awb-alert-close-boxed\" style=\"--awb-border-top-left-radius:0px;--awb-border-top-right-radius:0px;--awb-border-bottom-left-radius:0px;--awb-border-bottom-right-radius:0px;\" role=\"alert\"><div class=\"fusion-alert-content-wrapper\"><span class=\"fusion-alert-content\"><\/span><\/div><button type=\"button\" class=\"close toggle-alert\" data-dismiss=\"alert\" aria-label=\"Close\">&times;<\/button><\/div>\n<\/form>\n<\/div>\n<\/div><\/div><\/div><\/div><div class=\"fusion-fullwidth fullwidth-box fusion-builder-row-2 fusion-flex-container hundred-percent-fullwidth non-hundred-percent-height-scrolling\" style=\"--awb-background-position:left top;--awb-border-sizes-top:0px;--awb-border-sizes-bottom:0px;--awb-border-sizes-left:0px;--awb-border-sizes-right:0px;--awb-border-radius-top-left:0px;--awb-border-radius-top-right:0px;--awb-border-radius-bottom-right:0px;--awb-border-radius-bottom-left:0px;--awb-padding-top:0px;--awb-padding-right:0px;--awb-padding-bottom:0px;--awb-padding-left:0px;--awb-flex-wrap:wrap;\" ><div class=\"fusion-builder-row fusion-row fusion-flex-align-items-stretch fusion-flex-content-wrap\" style=\"width:calc( 100% + 0px ) !important;max-width:calc( 100% + 0px ) !important;margin-left: calc(-0px \/ 2 );margin-right: calc(-0px \/ 2 );\"><div class=\"fusion-layout-column fusion_builder_column fusion-builder-column-2 fusion_builder_column_1_3 1_3 fusion-flex-column\" style=\"--awb-padding-top:125px;--awb-padding-right:10%;--awb-padding-bottom:125px;--awb-padding-left:10%;--awb-bg-color:#ed6967;--awb-bg-color-hover:#ed6967;--awb-bg-image:url(&#039;https:\/\/www.alzheimerdeconil.es\/wp-content\/uploads\/2021\/08\/fondo-direccion.jpg&#039;);--awb-bg-size:cover;--awb-width-large:33.333333333333%;--awb-margin-top-large:0px;--awb-spacing-right-large:0px;--awb-margin-bottom-large:0px;--awb-spacing-left-large:0px;--awb-width-medium:100%;--awb-spacing-right-medium:0px;--awb-spacing-left-medium:0px;--awb-width-small:100%;--awb-spacing-right-small:0px;--awb-margin-bottom-small:15px;--awb-spacing-left-small:0px;\"><div class=\"fusion-column-wrapper fusion-flex-justify-content-center fusion-content-layout-column fusion-column-has-bg-image\" data-bg-url=\"https:\/\/www.alzheimerdeconil.es\/wp-content\/uploads\/2021\/08\/fondo-direccion.jpg\"><i class=\"fb-icon-element-1 fb-icon-element fontawesome-icon charity-map-marker circle-no\" style=\"--awb-font-size:55px;--awb-margin-top:0;--awb-margin-right:0;--awb-margin-bottom:0;--awb-margin-left:0;--awb-align-self:center;\"><\/i><div class=\"fusion-separator fusion-full-width-sep\" style=\"align-self: center;margin-left: auto;margin-right: auto;margin-top:20px;width:100%;\"><\/div><div class=\"fusion-text fusion-text-2\"><p style=\"text-align: center;\"><span style=\"color: #ffffff; font-size: 24px;\">C\/ Pleamar,1 11140 Conil de la Frontera C\u00e1diz<\/span><\/p>\n<\/div><\/div><\/div><div class=\"fusion-layout-column fusion_builder_column fusion-builder-column-3 fusion_builder_column_1_3 1_3 fusion-flex-column\" style=\"--awb-padding-top:125px;--awb-padding-right:10%;--awb-padding-bottom:125px;--awb-padding-left:10%;--awb-bg-color:#fec96b;--awb-bg-color-hover:#fec96b;--awb-bg-image:url(&#039;https:\/\/www.alzheimerdeconil.es\/wp-content\/uploads\/2021\/08\/colabora-contacto.jpg&#039;);--awb-bg-size:cover;--awb-width-large:33.333333333333%;--awb-margin-top-large:0px;--awb-spacing-right-large:0px;--awb-margin-bottom-large:0px;--awb-spacing-left-large:0px;--awb-width-medium:100%;--awb-spacing-right-medium:0px;--awb-spacing-left-medium:0px;--awb-width-small:100%;--awb-spacing-right-small:0px;--awb-margin-bottom-small:21px;--awb-spacing-left-small:0px;\"><div class=\"fusion-column-wrapper fusion-flex-justify-content-center fusion-content-layout-column fusion-column-has-bg-image\" data-bg-url=\"https:\/\/www.alzheimerdeconil.es\/wp-content\/uploads\/2021\/08\/colabora-contacto.jpg\"><i class=\"fb-icon-element-2 fb-icon-element fontawesome-icon charity-envelope-o circle-no\" style=\"--awb-font-size:55px;--awb-margin-top:0;--awb-margin-right:0;--awb-margin-bottom:0;--awb-margin-left:0;--awb-align-self:center;\"><\/i><div class=\"fusion-separator fusion-full-width-sep\" style=\"align-self: center;margin-left: auto;margin-right: auto;margin-top:20px;width:100%;\"><\/div><div class=\"fusion-text fusion-text-3\"><p style=\"text-align: center;\"><a style=\"color: #fff; font-size: 24px;\" href=\"mailto:afaconil@hotmail.com\">afaconil@hotmail.com<\/a><\/p>\n<\/div><\/div><\/div><div class=\"fusion-layout-column fusion_builder_column fusion-builder-column-4 fusion_builder_column_1_3 1_3 fusion-flex-column\" style=\"--awb-padding-top:125px;--awb-padding-right:10%;--awb-padding-bottom:125px;--awb-padding-left:10%;--awb-bg-color:#408292;--awb-bg-color-hover:#408292;--awb-bg-image:url(&#039;https:\/\/www.alzheimerdeconil.es\/wp-content\/uploads\/2021\/08\/fondo-telefono.jpg&#039;);--awb-bg-size:cover;--awb-width-large:33.333333333333%;--awb-margin-top-large:0px;--awb-spacing-right-large:0px;--awb-margin-bottom-large:0px;--awb-spacing-left-large:0px;--awb-width-medium:100%;--awb-spacing-right-medium:0px;--awb-margin-bottom-medium:31px;--awb-spacing-left-medium:0px;--awb-width-small:100%;--awb-spacing-right-small:0px;--awb-spacing-left-small:0px;\"><div class=\"fusion-column-wrapper fusion-flex-justify-content-center fusion-content-layout-column fusion-column-has-bg-image\" data-bg-url=\"https:\/\/www.alzheimerdeconil.es\/wp-content\/uploads\/2021\/08\/fondo-telefono.jpg\"><i class=\"fb-icon-element-3 fb-icon-element fontawesome-icon charity-phone circle-no\" style=\"--awb-font-size:55px;--awb-margin-top:0;--awb-margin-right:0;--awb-margin-bottom:0;--awb-margin-left:0;--awb-align-self:center;\"><\/i><div class=\"fusion-separator fusion-full-width-sep\" style=\"align-self: center;margin-left: auto;margin-right: auto;margin-top:20px;width:100%;\"><\/div><div class=\"fusion-text fusion-text-4\"><p style=\"text-align: center;\"><span style=\"color: #ffffff; font-size: 24px;\">956 45 63 13 &#8211; 688372032<br \/>\n<\/span><\/p>\n<\/div><\/div><\/div><\/div><\/div><\/p>\n","protected":false},"excerpt":{"rendered":"","protected":false},"author":1,"featured_media":0,"parent":0,"menu_order":0,"comment_status":"closed","ping_status":"closed","template":"100-width.php","meta":{"footnotes":""},"class_list":["post-903","page","type-page","status-publish","hentry"],"yoast_head":"<!-- This site is optimized with the Yoast SEO plugin v25.7 - https:\/\/yoast.com\/wordpress\/plugins\/seo\/ -->\n<title>Colabora - A.F.A Conil<\/title>\n<meta name=\"description\" content=\"Cada peque\u00f1a colabaraci\u00f3n cuenta para que podemos seguir en esta gran labor social que realizamos. Esos peque\u00f1os detalles son los que mueven el mundo.\" \/>\n<meta name=\"robots\" content=\"index, follow, max-snippet:-1, max-image-preview:large, max-video-preview:-1\" \/>\n<link rel=\"canonical\" href=\"https:\/\/www.alzheimerdeconil.es\/index.php\/colabora\/\" \/>\n<meta property=\"og:locale\" content=\"es_ES\" \/>\n<meta property=\"og:type\" content=\"article\" \/>\n<meta property=\"og:title\" content=\"Colabora - A.F.A Conil\" \/>\n<meta property=\"og:description\" content=\"Cada peque\u00f1a colabaraci\u00f3n cuenta para que podemos seguir en esta gran labor social que realizamos. Esos peque\u00f1os detalles son los que mueven el mundo.\" \/>\n<meta property=\"og:url\" content=\"https:\/\/www.alzheimerdeconil.es\/index.php\/colabora\/\" \/>\n<meta property=\"og:site_name\" content=\"A.F.A Conil\" \/>\n<meta property=\"article:modified_time\" content=\"2023-06-28T17:38:32+00:00\" \/>\n<meta name=\"twitter:card\" content=\"summary_large_image\" \/>\n<meta name=\"twitter:label1\" content=\"Tiempo de lectura\" \/>\n\t<meta name=\"twitter:data1\" content=\"3 minutos\" \/>\n<script type=\"application\/ld+json\" class=\"yoast-schema-graph\">{\"@context\":\"https:\/\/schema.org\",\"@graph\":[{\"@type\":\"WebPage\",\"@id\":\"https:\/\/www.alzheimerdeconil.es\/index.php\/colabora\/\",\"url\":\"https:\/\/www.alzheimerdeconil.es\/index.php\/colabora\/\",\"name\":\"Colabora - A.F.A Conil\",\"isPartOf\":{\"@id\":\"https:\/\/www.alzheimerdeconil.es\/#website\"},\"datePublished\":\"2016-08-10T08:52:10+00:00\",\"dateModified\":\"2023-06-28T17:38:32+00:00\",\"description\":\"Cada peque\u00f1a colabaraci\u00f3n cuenta para que podemos seguir en esta gran labor social que realizamos. Esos peque\u00f1os detalles son los que mueven el mundo.\",\"breadcrumb\":{\"@id\":\"https:\/\/www.alzheimerdeconil.es\/index.php\/colabora\/#breadcrumb\"},\"inLanguage\":\"es\",\"potentialAction\":[{\"@type\":\"ReadAction\",\"target\":[\"https:\/\/www.alzheimerdeconil.es\/index.php\/colabora\/\"]}]},{\"@type\":\"BreadcrumbList\",\"@id\":\"https:\/\/www.alzheimerdeconil.es\/index.php\/colabora\/#breadcrumb\",\"itemListElement\":[{\"@type\":\"ListItem\",\"position\":1,\"name\":\"Portada\",\"item\":\"https:\/\/www.alzheimerdeconil.es\/\"},{\"@type\":\"ListItem\",\"position\":2,\"name\":\"Colabora\"}]},{\"@type\":\"WebSite\",\"@id\":\"https:\/\/www.alzheimerdeconil.es\/#website\",\"url\":\"https:\/\/www.alzheimerdeconil.es\/\",\"name\":\"A.F.A Conil\",\"description\":\"Asociaci\u00f3n de familiares de enfermos de Alzheimer Conil\",\"potentialAction\":[{\"@type\":\"SearchAction\",\"target\":{\"@type\":\"EntryPoint\",\"urlTemplate\":\"https:\/\/www.alzheimerdeconil.es\/?s={search_term_string}\"},\"query-input\":{\"@type\":\"PropertyValueSpecification\",\"valueRequired\":true,\"valueName\":\"search_term_string\"}}],\"inLanguage\":\"es\"}]}<\/script>\n<!-- \/ Yoast SEO plugin. -->","yoast_head_json":{"title":"Colabora - A.F.A Conil","description":"Cada peque\u00f1a colabaraci\u00f3n cuenta para que podemos seguir en esta gran labor social que realizamos. Esos peque\u00f1os detalles son los que mueven el mundo.","robots":{"index":"index","follow":"follow","max-snippet":"max-snippet:-1","max-image-preview":"max-image-preview:large","max-video-preview":"max-video-preview:-1"},"canonical":"https:\/\/www.alzheimerdeconil.es\/index.php\/colabora\/","og_locale":"es_ES","og_type":"article","og_title":"Colabora - A.F.A Conil","og_description":"Cada peque\u00f1a colabaraci\u00f3n cuenta para que podemos seguir en esta gran labor social que realizamos. Esos peque\u00f1os detalles son los que mueven el mundo.","og_url":"https:\/\/www.alzheimerdeconil.es\/index.php\/colabora\/","og_site_name":"A.F.A Conil","article_modified_time":"2023-06-28T17:38:32+00:00","twitter_card":"summary_large_image","twitter_misc":{"Tiempo de lectura":"3 minutos"},"schema":{"@context":"https:\/\/schema.org","@graph":[{"@type":"WebPage","@id":"https:\/\/www.alzheimerdeconil.es\/index.php\/colabora\/","url":"https:\/\/www.alzheimerdeconil.es\/index.php\/colabora\/","name":"Colabora - A.F.A Conil","isPartOf":{"@id":"https:\/\/www.alzheimerdeconil.es\/#website"},"datePublished":"2016-08-10T08:52:10+00:00","dateModified":"2023-06-28T17:38:32+00:00","description":"Cada peque\u00f1a colabaraci\u00f3n cuenta para que podemos seguir en esta gran labor social que realizamos. Esos peque\u00f1os detalles son los que mueven el mundo.","breadcrumb":{"@id":"https:\/\/www.alzheimerdeconil.es\/index.php\/colabora\/#breadcrumb"},"inLanguage":"es","potentialAction":[{"@type":"ReadAction","target":["https:\/\/www.alzheimerdeconil.es\/index.php\/colabora\/"]}]},{"@type":"BreadcrumbList","@id":"https:\/\/www.alzheimerdeconil.es\/index.php\/colabora\/#breadcrumb","itemListElement":[{"@type":"ListItem","position":1,"name":"Portada","item":"https:\/\/www.alzheimerdeconil.es\/"},{"@type":"ListItem","position":2,"name":"Colabora"}]},{"@type":"WebSite","@id":"https:\/\/www.alzheimerdeconil.es\/#website","url":"https:\/\/www.alzheimerdeconil.es\/","name":"A.F.A Conil","description":"Asociaci\u00f3n de familiares de enfermos de Alzheimer Conil","potentialAction":[{"@type":"SearchAction","target":{"@type":"EntryPoint","urlTemplate":"https:\/\/www.alzheimerdeconil.es\/?s={search_term_string}"},"query-input":{"@type":"PropertyValueSpecification","valueRequired":true,"valueName":"search_term_string"}}],"inLanguage":"es"}]}},"_links":{"self":[{"href":"https:\/\/www.alzheimerdeconil.es\/index.php\/wp-json\/wp\/v2\/pages\/903","targetHints":{"allow":["GET"]}}],"collection":[{"href":"https:\/\/www.alzheimerdeconil.es\/index.php\/wp-json\/wp\/v2\/pages"}],"about":[{"href":"https:\/\/www.alzheimerdeconil.es\/index.php\/wp-json\/wp\/v2\/types\/page"}],"author":[{"embeddable":true,"href":"https:\/\/www.alzheimerdeconil.es\/index.php\/wp-json\/wp\/v2\/users\/1"}],"replies":[{"embeddable":true,"href":"https:\/\/www.alzheimerdeconil.es\/index.php\/wp-json\/wp\/v2\/comments?post=903"}],"version-history":[{"count":13,"href":"https:\/\/www.alzheimerdeconil.es\/index.php\/wp-json\/wp\/v2\/pages\/903\/revisions"}],"predecessor-version":[{"id":1291,"href":"https:\/\/www.alzheimerdeconil.es\/index.php\/wp-json\/wp\/v2\/pages\/903\/revisions\/1291"}],"wp:attachment":[{"href":"https:\/\/www.alzheimerdeconil.es\/index.php\/wp-json\/wp\/v2\/media?parent=903"}],"curies":[{"name":"wp","href":"https:\/\/api.w.org\/{rel}","templated":true}]}}