{"id":1192,"date":"2023-02-19T15:36:10","date_gmt":"2023-02-19T15:36:10","guid":{"rendered":"https:\/\/www.alzheimerdeconil.es\/?page_id=1192"},"modified":"2023-06-28T18:17:16","modified_gmt":"2023-06-28T18:17:16","slug":"servicios","status":"publish","type":"page","link":"https:\/\/www.alzheimerdeconil.es\/index.php\/servicios\/","title":{"rendered":"Servicios"},"content":{"rendered":"<p><div class=\"fusion-fullwidth fullwidth-box fusion-builder-row-1 fusion-flex-container hundred-percent-fullwidth non-hundred-percent-height-scrolling\" style=\"--awb-background-position:left top;--awb-border-sizes-top:0px;--awb-border-sizes-bottom:0px;--awb-border-sizes-left:0px;--awb-border-sizes-right:0px;--awb-border-radius-top-left:0px;--awb-border-radius-top-right:0px;--awb-border-radius-bottom-right:0px;--awb-border-radius-bottom-left:0px;--awb-padding-top:71px;--awb-padding-right:5.5%;--awb-padding-bottom:50px;--awb-padding-left:5.5%;--awb-flex-wrap:wrap;\" ><div class=\"fusion-builder-row fusion-row fusion-flex-align-items-flex-start fusion-flex-content-wrap\" style=\"width:calc( 100% + 0px ) !important;max-width:calc( 100% + 0px ) !important;margin-left: calc(-0px \/ 2 );margin-right: calc(-0px \/ 2 );\"><div class=\"fusion-layout-column fusion_builder_column fusion-builder-column-0 fusion_builder_column_1_2 1_2 fusion-flex-column\" style=\"--awb-padding-top:6px;--awb-padding-right:0px;--awb-padding-left:0px;--awb-padding-bottom-small:0px;--awb-bg-position:center center;--awb-bg-size:cover;--awb-width-large:50%;--awb-margin-top-large:15px;--awb-spacing-right-large:0px;--awb-margin-bottom-large:0px;--awb-spacing-left-large:calc( 0.04 * calc( 100% - 0px ) );--awb-width-medium:100%;--awb-order-medium:0;--awb-spacing-right-medium:0px;--awb-spacing-left-medium:0px;--awb-width-small:100%;--awb-order-small:0;--awb-spacing-right-small:0px;--awb-margin-bottom-small:0px;--awb-spacing-left-small:0px;\"><div class=\"fusion-column-wrapper fusion-column-has-shadow fusion-flex-justify-content-flex-start fusion-content-layout-column\"><div class=\"fusion-image-element \" style=\"--awb-caption-title-font-family:var(--h2_typography-font-family);--awb-caption-title-font-weight:var(--h2_typography-font-weight);--awb-caption-title-font-style:var(--h2_typography-font-style);--awb-caption-title-size:var(--h2_typography-font-size);--awb-caption-title-transform:var(--h2_typography-text-transform);--awb-caption-title-line-height:var(--h2_typography-line-height);--awb-caption-title-letter-spacing:var(--h2_typography-letter-spacing);\"><span class=\" fusion-imageframe imageframe-none imageframe-1 hover-type-none\"><img decoding=\"async\" width=\"800\" height=\"600\" title=\"blog4\" src=\"https:\/\/www.alzheimerdeconil.es\/wp-content\/uploads\/2016\/08\/blog4.jpg\" alt class=\"img-responsive wp-image-992\" srcset=\"https:\/\/www.alzheimerdeconil.es\/wp-content\/uploads\/2016\/08\/blog4-200x150.jpg 200w, https:\/\/www.alzheimerdeconil.es\/wp-content\/uploads\/2016\/08\/blog4-400x300.jpg 400w, https:\/\/www.alzheimerdeconil.es\/wp-content\/uploads\/2016\/08\/blog4-600x450.jpg 600w, https:\/\/www.alzheimerdeconil.es\/wp-content\/uploads\/2016\/08\/blog4.jpg 800w\" sizes=\"(max-width: 1024px) 100vw, (max-width: 640px) 100vw, 600px\" \/><\/span><\/div><\/div><\/div><div class=\"fusion-layout-column fusion_builder_column fusion-builder-column-1 fusion_builder_column_1_2 1_2 fusion-flex-column\" style=\"--awb-padding-right:5%;--awb-padding-left:6%;--awb-padding-top-medium:18px;--awb-bg-size:cover;--awb-width-large:50%;--awb-margin-top-large:0px;--awb-spacing-right-large:calc( 0.04 * calc( 100% - 0px ) );--awb-margin-bottom-large:0px;--awb-spacing-left-large:0px;--awb-width-medium:100%;--awb-spacing-right-medium:0px;--awb-spacing-left-medium:0px;--awb-width-small:100%;--awb-spacing-right-small:0px;--awb-spacing-left-small:0px;\"><div class=\"fusion-column-wrapper fusion-flex-justify-content-flex-start fusion-content-layout-column\"><div class=\"fusion-title title fusion-title-1 fusion-sep-none fusion-title-text fusion-title-size-two\"><h2 class=\"fusion-title-heading title-heading-left\" style=\"margin:0;line-height:1;\"><b><br \/>\n<\/b><strong>Nuestro Objetivo<br \/>\n<\/strong><\/h2><\/div><div class=\"fusion-separator\" style=\"align-self: flex-start;margin-right:auto;margin-top:0px;margin-bottom:40px;width:100%;max-width:200px;\"><div class=\"fusion-separator-border sep-single sep-solid\" style=\"--awb-height:20px;--awb-amount:20px;--awb-sep-color:#2c4d6c;border-color:#2c4d6c;border-top-width:3px;\"><\/div><\/div><div class=\"fusion-text fusion-text-1\"><p>Es un S\u00edndrome cl\u00ednico org\u00e1nico plurietiol\u00f3gico cuyos criterios diagn\u00f3sticos seg\u00fan la Sociedad Espa\u00f1ola de Neurolog\u00eda son: Alteraci\u00f3n de al menos dos de las siguientes \u00e1reas cognitivas: atenci\u00f3n\/concentraci\u00f3n, lenguaje, gnosias, memoria, praxias, funciones visuoespaciales, funciones ejecutivas, conducta.<\/p>\n<p>Estas alteraciones han de ser adquiridas, con deterioro de las capacidades previas del paciente comprobado a trav\u00e9s de un informador fiable o mediante evaluaciones medibles. Han de ser objetivadas en la exploraci\u00f3n neuropsicol\u00f3gica. Deben ser persistentes durante semanas o meses y constatadas en el paciente con nivel de conciencia normal.<\/p>\n<\/div><\/div><\/div><\/div><\/div><div class=\"fusion-fullwidth fullwidth-box fusion-builder-row-2 fusion-flex-container hundred-percent-fullwidth non-hundred-percent-height-scrolling\" style=\"--awb-background-position:left top;--awb-border-sizes-top:0px;--awb-border-sizes-bottom:0px;--awb-border-sizes-left:0px;--awb-border-sizes-right:0px;--awb-border-radius-top-left:0px;--awb-border-radius-top-right:0px;--awb-border-radius-bottom-right:0px;--awb-border-radius-bottom-left:0px;--awb-padding-top:0px;--awb-padding-right:5.5%;--awb-padding-bottom:60px;--awb-padding-left:5.5%;--awb-flex-wrap:wrap;\" ><div class=\"fusion-builder-row fusion-row fusion-flex-align-items-flex-start fusion-flex-content-wrap\" style=\"width:calc( 100% + 0px ) !important;max-width:calc( 100% + 0px ) !important;margin-left: calc(-0px \/ 2 );margin-right: calc(-0px \/ 2 );\"><div class=\"fusion-layout-column fusion_builder_column fusion-builder-column-2 fusion_builder_column_1_1 1_1 fusion-flex-column\" style=\"--awb-padding-right:5%;--awb-padding-left:6%;--awb-bg-size:cover;--awb-width-large:100%;--awb-margin-top-large:0px;--awb-spacing-right-large:calc( 0.02 * calc( 100% - 0px ) );--awb-margin-bottom-large:0px;--awb-spacing-left-large:0px;--awb-width-medium:100%;--awb-spacing-right-medium:0px;--awb-spacing-left-medium:0px;--awb-width-small:100%;--awb-spacing-right-small:0px;--awb-spacing-left-small:0px;\"><div class=\"fusion-column-wrapper fusion-flex-justify-content-flex-start fusion-content-layout-column\"><div class=\"fusion-title title fusion-title-2 fusion-sep-none fusion-title-text fusion-title-size-two\"><h2 class=\"fusion-title-heading title-heading-left\" style=\"margin:0;line-height:1;\"><b><br \/>\n<\/b><b>\u00bfQu\u00e9 tipo de servicios ofrecemos?<\/b><br \/>\n<strong><br \/>\n<\/strong><\/h2><\/div><div class=\"fusion-separator\" style=\"align-self: flex-start;margin-right:auto;margin-top:0px;margin-bottom:40px;width:100%;max-width:200px;\"><div class=\"fusion-separator-border sep-single sep-solid\" style=\"--awb-height:20px;--awb-amount:20px;--awb-sep-color:#2c4d6c;border-color:#2c4d6c;border-top-width:3px;\"><\/div><\/div><div class=\"accordian fusion-accordian\" style=\"--awb-border-size:1px;--awb-icon-size:13px;--awb-content-font-size:16px;--awb-icon-alignment:left;--awb-hover-color:#f9f9f9;--awb-border-color:#cccccc;--awb-background-color:#ffffff;--awb-divider-color:#e0dede;--awb-divider-hover-color:#e0dede;--awb-icon-color:#ffffff;--awb-title-color:#2c4d6c;--awb-content-color:#5c6668;--awb-icon-box-color:#333333;--awb-toggle-hover-accent-color:#fec96b;--awb-title-font-family:&quot;Montserrat&quot;;--awb-title-font-weight:400;--awb-title-font-style:normal;--awb-title-font-size:20px;--awb-title-letter-spacing:1px;--awb-title-line-height:1.5;--awb-content-font-family:&quot;Raleway&quot;;--awb-content-font-style:normal;--awb-content-font-weight:400;\"><div class=\"panel-group fusion-toggle-icon-boxed\" id=\"accordion-1192-1\"><div class=\"fusion-panel panel-default panel-f01d8e56d9f41df77 fusion-toggle-has-divider\"><div class=\"panel-heading\"><h4 class=\"panel-title toggle\" id=\"toggle_f01d8e56d9f41df77\"><a aria-expanded=\"false\" aria-controls=\"f01d8e56d9f41df77\" role=\"button\" data-toggle=\"collapse\" data-parent=\"#accordion-1192-1\" data-target=\"#f01d8e56d9f41df77\" href=\"#f01d8e56d9f41df77\"><span class=\"fusion-toggle-icon-wrapper\" aria-hidden=\"true\"><i class=\"fa-fusion-box active-icon awb-icon-minus\" aria-hidden=\"true\"><\/i><i class=\"fa-fusion-box inactive-icon awb-icon-plus\" aria-hidden=\"true\"><\/i><\/span><span class=\"fusion-toggle-heading\">Servicios a pacientes con Alzheimer y otras demencias.<\/span><\/a><\/h4><\/div><div id=\"f01d8e56d9f41df77\" class=\"panel-collapse collapse \" aria-labelledby=\"toggle_f01d8e56d9f41df77\"><div class=\"panel-body toggle-content fusion-clearfix\">\n<ul>\n<li>Atenci\u00f3n integral en el centro de d\u00eda ( plazas privadas y concertadas con la Junta de Andaluc\u00eda.<\/li>\n<li>Taller de atenci\u00f3n integral de ma\u00f1ana ( para personas con deterioro leve ).<\/li>\n<li>Taller de estimulaci\u00f3n Neuronup desde casa.<\/li>\n<\/ul>\n<\/div><\/div><\/div><div class=\"fusion-panel panel-default panel-026c31aa03f582eeb fusion-toggle-has-divider\"><div class=\"panel-heading\"><h4 class=\"panel-title toggle\" id=\"toggle_026c31aa03f582eeb\"><a aria-expanded=\"false\" aria-controls=\"026c31aa03f582eeb\" role=\"button\" data-toggle=\"collapse\" data-parent=\"#accordion-1192-1\" data-target=\"#026c31aa03f582eeb\" href=\"#026c31aa03f582eeb\"><span class=\"fusion-toggle-icon-wrapper\" aria-hidden=\"true\"><i class=\"fa-fusion-box active-icon awb-icon-minus\" aria-hidden=\"true\"><\/i><i class=\"fa-fusion-box inactive-icon awb-icon-plus\" aria-hidden=\"true\"><\/i><\/span><span class=\"fusion-toggle-heading\">A familiares y \/ o cuidadores.<\/span><\/a><\/h4><\/div><div id=\"026c31aa03f582eeb\" class=\"panel-collapse collapse \" aria-labelledby=\"toggle_026c31aa03f582eeb\"><div class=\"panel-body toggle-content fusion-clearfix\">\n<ul>\n<li>Servicio de informaci\u00f3n, valoraci\u00f3n y orientaci\u00f3n ( SIVO ).<\/li>\n<li>Servicio de atenci\u00f3n psicol\u00f3gica individual o grupal ( grupos de ayuda t\u00e9cnica ).<\/li>\n<li>Servicio de fisioterapia.<\/li>\n<li>Servicio de pr\u00e9stamo de material ortoprot\u00e9sico.<\/li>\n<\/ul>\n<\/div><\/div><\/div><div class=\"fusion-panel panel-default panel-a570c3e61a08d8ff1 fusion-toggle-has-divider\"><div class=\"panel-heading\"><h4 class=\"panel-title toggle\" id=\"toggle_a570c3e61a08d8ff1\"><a aria-expanded=\"false\" aria-controls=\"a570c3e61a08d8ff1\" role=\"button\" data-toggle=\"collapse\" data-parent=\"#accordion-1192-1\" data-target=\"#a570c3e61a08d8ff1\" href=\"#a570c3e61a08d8ff1\"><span class=\"fusion-toggle-icon-wrapper\" aria-hidden=\"true\"><i class=\"fa-fusion-box active-icon awb-icon-minus\" aria-hidden=\"true\"><\/i><i class=\"fa-fusion-box inactive-icon awb-icon-plus\" aria-hidden=\"true\"><\/i><\/span><span class=\"fusion-toggle-heading\">A la poblaci\u00f3n en general.<\/span><\/a><\/h4><\/div><div id=\"a570c3e61a08d8ff1\" class=\"panel-collapse collapse \" aria-labelledby=\"toggle_a570c3e61a08d8ff1\"><div class=\"panel-body toggle-content fusion-clearfix\">\n<ul>\n<li>Programa de voluntariado.<\/li>\n<li>Programa de acogida a alumnos en pr\u00e1cticas.<\/li>\n<li>Programa de sensibilizaci\u00f3n y divulgaci\u00f3n.<\/li>\n<\/ul>\n<\/div><\/div><\/div><\/div><\/div><\/div><\/div><\/div><\/div><div class=\"fusion-fullwidth fullwidth-box fusion-builder-row-3 fusion-flex-container fusion-parallax-none nonhundred-percent-fullwidth non-hundred-percent-height-scrolling\" style=\"--awb-border-sizes-top:0px;--awb-border-sizes-bottom:0px;--awb-border-sizes-left:0px;--awb-border-sizes-right:0px;--awb-border-radius-top-left:0px;--awb-border-radius-top-right:0px;--awb-border-radius-bottom-right:0px;--awb-border-radius-bottom-left:0px;--awb-padding-top:150px;--awb-padding-bottom:150px;--awb-background-image:url(&quot;https:\/\/www.alzheimerdeconil.es\/wp-content\/uploads\/2017\/02\/00alzeimer-manos.jpg&quot;);--awb-background-size:cover;--awb-flex-wrap:wrap;\" ><div class=\"fusion-builder-row fusion-row fusion-flex-align-items-flex-start fusion-flex-content-wrap\" style=\"max-width:calc( 1170px + 0px );margin-left: calc(-0px \/ 2 );margin-right: calc(-0px \/ 2 );\"><div class=\"fusion-layout-column fusion_builder_column fusion-builder-column-3 fusion_builder_column_1_1 1_1 fusion-flex-column\" style=\"--awb-padding-top:10%;--awb-padding-right:11%;--awb-padding-bottom:10%;--awb-padding-left:11%;--awb-bg-color:rgba(44,77,108,0.62);--awb-bg-color-hover:rgba(44,77,108,0.62);--awb-bg-size:cover;--awb-width-large:100%;--awb-margin-top-large:0px;--awb-spacing-right-large:0px;--awb-margin-bottom-large:20px;--awb-spacing-left-large:0px;--awb-width-medium:100%;--awb-order-medium:0;--awb-spacing-right-medium:0px;--awb-spacing-left-medium:0px;--awb-width-small:100%;--awb-order-small:0;--awb-spacing-right-small:0px;--awb-spacing-left-small:0px;\"><div class=\"fusion-column-wrapper fusion-column-has-shadow fusion-flex-justify-content-flex-start fusion-content-layout-column\"><div class=\"fusion-title title fusion-title-3 fusion-sep-none fusion-title-center fusion-title-text fusion-title-size-two\" style=\"--awb-text-color:#2c4d6c;\"><h2 class=\"fusion-title-heading title-heading-center\" style=\"margin:0;line-height:1;\"><span style=\"color: #ffffff;\">\u00bf QUIERES COLABORAR ?<\/span><\/h2><\/div><div class=\"fusion-separator\" style=\"align-self: center;margin-left: auto;margin-right: auto;margin-top:0px;margin-bottom:40px;width:100%;max-width:200px;\"><div class=\"fusion-separator-border sep-single sep-solid\" style=\"--awb-height:20px;--awb-amount:20px;--awb-sep-color:#fec96b;border-color:#fec96b;border-top-width:3px;\"><\/div><\/div><div class=\"fusion-text fusion-text-2\"><p style=\"text-align: center; font-size: 24px; color: #fff; font-weight: 300;\">Colabora con A.F.A Conil y ay\u00fadanos en nuestra labor social. Puedes colaborar con un voluntariado o con una donaci\u00f3n. Si estas interesado no dudes en elegir tu opci\u00f3n.<\/p>\n<\/div><div class=\"fusion-separator fusion-full-width-sep\" style=\"align-self: center;margin-left: auto;margin-right: auto;margin-top:25px;width:100%;\"><\/div><div class=\"fusion-builder-row fusion-builder-row-inner fusion-row fusion-flex-align-items-flex-start fusion-flex-content-wrap\" style=\"width:calc( 100% + 0px ) !important;max-width:calc( 100% + 0px ) !important;margin-left: calc(-0px \/ 2 );margin-right: calc(-0px \/ 2 );\"><div class=\"fusion-layout-column fusion_builder_column_inner fusion-builder-nested-column-0 fusion_builder_column_inner_1_4 1_4 fusion-flex-column\" style=\"--awb-bg-size:cover;--awb-width-large:25%;--awb-margin-top-large:0px;--awb-spacing-right-large:0px;--awb-margin-bottom-large:20px;--awb-spacing-left-large:0px;--awb-width-medium:100%;--awb-spacing-right-medium:0px;--awb-spacing-left-medium:0px;--awb-width-small:100%;--awb-spacing-right-small:0px;--awb-spacing-left-small:0px;\"><div class=\"fusion-column-wrapper fusion-flex-justify-content-flex-start fusion-content-layout-column\"><\/div><\/div><div class=\"fusion-layout-column fusion_builder_column_inner fusion-builder-nested-column-1 fusion_builder_column_inner_1_4 1_4 fusion-flex-column\" style=\"--awb-bg-size:cover;--awb-width-large:25%;--awb-margin-top-large:0px;--awb-spacing-right-large:0px;--awb-margin-bottom-large:20px;--awb-spacing-left-large:0px;--awb-width-medium:100%;--awb-spacing-right-medium:0px;--awb-spacing-left-medium:0px;--awb-width-small:100%;--awb-spacing-right-small:0px;--awb-spacing-left-small:0px;\"><div class=\"fusion-column-wrapper fusion-flex-justify-content-flex-start fusion-content-layout-column\"><div style=\"text-align:center;\"><a class=\"fusion-button button-flat fusion-button-default-size button-custom fusion-button-default button-1 fusion-button-default-span fusion-button-default-type\" style=\"--button_accent_color:#ffffff;--button_border_color:#fec96b;--button_accent_hover_color:#fec96b;--button_border_hover_color:#ffffff;--button_border_width-top:2px;--button_border_width-right:2px;--button_border_width-bottom:2px;--button_border_width-left:2px;--button_gradient_top_color:rgba(254,201,107,0);--button_gradient_bottom_color:rgba(254,201,107,0);--button_gradient_top_color_hover:rgba(0,0,0,0);--button_gradient_bottom_color_hover:rgba(0,0,0,0);\" target=\"_self\" href=\"https:\/\/www.alzheimerdeconil.es\/index.php\/colabora\/\"><span class=\"fusion-button-text\">VOLUNTARIO<\/span><\/a><\/div><\/div><\/div><div class=\"fusion-layout-column fusion_builder_column_inner fusion-builder-nested-column-2 fusion_builder_column_inner_1_4 1_4 fusion-flex-column\" style=\"--awb-bg-size:cover;--awb-width-large:25%;--awb-margin-top-large:0px;--awb-spacing-right-large:0px;--awb-margin-bottom-large:20px;--awb-spacing-left-large:0px;--awb-width-medium:100%;--awb-spacing-right-medium:0px;--awb-spacing-left-medium:0px;--awb-width-small:100%;--awb-spacing-right-small:0px;--awb-spacing-left-small:0px;\"><div class=\"fusion-column-wrapper fusion-flex-justify-content-flex-start fusion-content-layout-column\"><div style=\"text-align:center;\"><a class=\"fusion-button button-flat fusion-button-default-size button-custom fusion-button-default button-2 fusion-button-default-span fusion-button-default-type\" style=\"--button_accent_color:#ffffff;--button_border_color:#fec96b;--button_accent_hover_color:#fec96b;--button_border_hover_color:#ffffff;--button_border_width-top:2px;--button_border_width-right:2px;--button_border_width-bottom:2px;--button_border_width-left:2px;--button_gradient_top_color:rgba(254,201,107,0);--button_gradient_bottom_color:rgba(254,201,107,0);--button_gradient_top_color_hover:rgba(0,0,0,0);--button_gradient_bottom_color_hover:rgba(0,0,0,0);\" target=\"_self\" href=\"https:\/\/www.alzheimerdeconil.es\/index.php\/colabora\/\"><span class=\"fusion-button-text\">DONACI\u00d3N<\/span><\/a><\/div><\/div><\/div><div class=\"fusion-layout-column fusion_builder_column_inner fusion-builder-nested-column-3 fusion_builder_column_inner_1_4 1_4 fusion-flex-column\" style=\"--awb-bg-size:cover;--awb-width-large:25%;--awb-margin-top-large:0px;--awb-spacing-right-large:0px;--awb-margin-bottom-large:20px;--awb-spacing-left-large:0px;--awb-width-medium:100%;--awb-spacing-right-medium:0px;--awb-spacing-left-medium:0px;--awb-width-small:100%;--awb-spacing-right-small:0px;--awb-spacing-left-small:0px;\"><div class=\"fusion-column-wrapper fusion-flex-justify-content-flex-start fusion-content-layout-column\"><\/div><\/div><\/div><\/div><\/div><\/div><\/div><\/p>\n","protected":false},"excerpt":{"rendered":"","protected":false},"author":1,"featured_media":0,"parent":0,"menu_order":0,"comment_status":"closed","ping_status":"closed","template":"100-width.php","meta":{"footnotes":""},"class_list":["post-1192","page","type-page","status-publish","hentry"],"yoast_head":"<!-- This site is optimized with the Yoast SEO plugin v25.7 - https:\/\/yoast.com\/wordpress\/plugins\/seo\/ -->\n<title>Servicios - A.F.A Conil<\/title>\n<meta name=\"description\" content=\"El Alzheimer es una enfermedad neurodegenerativa que ya se ha diagnosticado en nuestro pa\u00eds a m\u00e1s de 1.200.000 personas.\" \/>\n<meta name=\"robots\" content=\"index, follow, max-snippet:-1, max-image-preview:large, max-video-preview:-1\" \/>\n<link rel=\"canonical\" href=\"https:\/\/www.alzheimerdeconil.es\/index.php\/servicios\/\" \/>\n<meta property=\"og:locale\" content=\"es_ES\" \/>\n<meta property=\"og:type\" content=\"article\" \/>\n<meta property=\"og:title\" content=\"Servicios - A.F.A Conil\" \/>\n<meta property=\"og:description\" content=\"El Alzheimer es una enfermedad neurodegenerativa que ya se ha diagnosticado en nuestro pa\u00eds a m\u00e1s de 1.200.000 personas.\" \/>\n<meta property=\"og:url\" content=\"https:\/\/www.alzheimerdeconil.es\/index.php\/servicios\/\" \/>\n<meta property=\"og:site_name\" content=\"A.F.A Conil\" \/>\n<meta property=\"article:modified_time\" content=\"2023-06-28T18:17:16+00:00\" \/>\n<meta name=\"twitter:card\" content=\"summary_large_image\" \/>\n<meta name=\"twitter:label1\" content=\"Tiempo de lectura\" \/>\n\t<meta name=\"twitter:data1\" content=\"6 minutos\" \/>\n<script type=\"application\/ld+json\" class=\"yoast-schema-graph\">{\"@context\":\"https:\/\/schema.org\",\"@graph\":[{\"@type\":\"WebPage\",\"@id\":\"https:\/\/www.alzheimerdeconil.es\/index.php\/servicios\/\",\"url\":\"https:\/\/www.alzheimerdeconil.es\/index.php\/servicios\/\",\"name\":\"Servicios - A.F.A Conil\",\"isPartOf\":{\"@id\":\"https:\/\/www.alzheimerdeconil.es\/#website\"},\"datePublished\":\"2023-02-19T15:36:10+00:00\",\"dateModified\":\"2023-06-28T18:17:16+00:00\",\"description\":\"El Alzheimer es una enfermedad neurodegenerativa que ya se ha diagnosticado en nuestro pa\u00eds a m\u00e1s de 1.200.000 personas.\",\"breadcrumb\":{\"@id\":\"https:\/\/www.alzheimerdeconil.es\/index.php\/servicios\/#breadcrumb\"},\"inLanguage\":\"es\",\"potentialAction\":[{\"@type\":\"ReadAction\",\"target\":[\"https:\/\/www.alzheimerdeconil.es\/index.php\/servicios\/\"]}]},{\"@type\":\"BreadcrumbList\",\"@id\":\"https:\/\/www.alzheimerdeconil.es\/index.php\/servicios\/#breadcrumb\",\"itemListElement\":[{\"@type\":\"ListItem\",\"position\":1,\"name\":\"Portada\",\"item\":\"https:\/\/www.alzheimerdeconil.es\/\"},{\"@type\":\"ListItem\",\"position\":2,\"name\":\"Servicios\"}]},{\"@type\":\"WebSite\",\"@id\":\"https:\/\/www.alzheimerdeconil.es\/#website\",\"url\":\"https:\/\/www.alzheimerdeconil.es\/\",\"name\":\"A.F.A Conil\",\"description\":\"Asociaci\u00f3n de familiares de enfermos de Alzheimer Conil\",\"potentialAction\":[{\"@type\":\"SearchAction\",\"target\":{\"@type\":\"EntryPoint\",\"urlTemplate\":\"https:\/\/www.alzheimerdeconil.es\/?s={search_term_string}\"},\"query-input\":{\"@type\":\"PropertyValueSpecification\",\"valueRequired\":true,\"valueName\":\"search_term_string\"}}],\"inLanguage\":\"es\"}]}<\/script>\n<!-- \/ Yoast SEO plugin. -->","yoast_head_json":{"title":"Servicios - A.F.A Conil","description":"El Alzheimer es una enfermedad neurodegenerativa que ya se ha diagnosticado en nuestro pa\u00eds a m\u00e1s de 1.200.000 personas.","robots":{"index":"index","follow":"follow","max-snippet":"max-snippet:-1","max-image-preview":"max-image-preview:large","max-video-preview":"max-video-preview:-1"},"canonical":"https:\/\/www.alzheimerdeconil.es\/index.php\/servicios\/","og_locale":"es_ES","og_type":"article","og_title":"Servicios - A.F.A Conil","og_description":"El Alzheimer es una enfermedad neurodegenerativa que ya se ha diagnosticado en nuestro pa\u00eds a m\u00e1s de 1.200.000 personas.","og_url":"https:\/\/www.alzheimerdeconil.es\/index.php\/servicios\/","og_site_name":"A.F.A Conil","article_modified_time":"2023-06-28T18:17:16+00:00","twitter_card":"summary_large_image","twitter_misc":{"Tiempo de lectura":"6 minutos"},"schema":{"@context":"https:\/\/schema.org","@graph":[{"@type":"WebPage","@id":"https:\/\/www.alzheimerdeconil.es\/index.php\/servicios\/","url":"https:\/\/www.alzheimerdeconil.es\/index.php\/servicios\/","name":"Servicios - A.F.A Conil","isPartOf":{"@id":"https:\/\/www.alzheimerdeconil.es\/#website"},"datePublished":"2023-02-19T15:36:10+00:00","dateModified":"2023-06-28T18:17:16+00:00","description":"El Alzheimer es una enfermedad neurodegenerativa que ya se ha diagnosticado en nuestro pa\u00eds a m\u00e1s de 1.200.000 personas.","breadcrumb":{"@id":"https:\/\/www.alzheimerdeconil.es\/index.php\/servicios\/#breadcrumb"},"inLanguage":"es","potentialAction":[{"@type":"ReadAction","target":["https:\/\/www.alzheimerdeconil.es\/index.php\/servicios\/"]}]},{"@type":"BreadcrumbList","@id":"https:\/\/www.alzheimerdeconil.es\/index.php\/servicios\/#breadcrumb","itemListElement":[{"@type":"ListItem","position":1,"name":"Portada","item":"https:\/\/www.alzheimerdeconil.es\/"},{"@type":"ListItem","position":2,"name":"Servicios"}]},{"@type":"WebSite","@id":"https:\/\/www.alzheimerdeconil.es\/#website","url":"https:\/\/www.alzheimerdeconil.es\/","name":"A.F.A Conil","description":"Asociaci\u00f3n de familiares de enfermos de Alzheimer Conil","potentialAction":[{"@type":"SearchAction","target":{"@type":"EntryPoint","urlTemplate":"https:\/\/www.alzheimerdeconil.es\/?s={search_term_string}"},"query-input":{"@type":"PropertyValueSpecification","valueRequired":true,"valueName":"search_term_string"}}],"inLanguage":"es"}]}},"_links":{"self":[{"href":"https:\/\/www.alzheimerdeconil.es\/index.php\/wp-json\/wp\/v2\/pages\/1192","targetHints":{"allow":["GET"]}}],"collection":[{"href":"https:\/\/www.alzheimerdeconil.es\/index.php\/wp-json\/wp\/v2\/pages"}],"about":[{"href":"https:\/\/www.alzheimerdeconil.es\/index.php\/wp-json\/wp\/v2\/types\/page"}],"author":[{"embeddable":true,"href":"https:\/\/www.alzheimerdeconil.es\/index.php\/wp-json\/wp\/v2\/users\/1"}],"replies":[{"embeddable":true,"href":"https:\/\/www.alzheimerdeconil.es\/index.php\/wp-json\/wp\/v2\/comments?post=1192"}],"version-history":[{"count":15,"href":"https:\/\/www.alzheimerdeconil.es\/index.php\/wp-json\/wp\/v2\/pages\/1192\/revisions"}],"predecessor-version":[{"id":1302,"href":"https:\/\/www.alzheimerdeconil.es\/index.php\/wp-json\/wp\/v2\/pages\/1192\/revisions\/1302"}],"wp:attachment":[{"href":"https:\/\/www.alzheimerdeconil.es\/index.php\/wp-json\/wp\/v2\/media?parent=1192"}],"curies":[{"name":"wp","href":"https:\/\/api.w.org\/{rel}","templated":true}]}}